{"id":13,"date":"2022-05-17T19:11:57","date_gmt":"2022-05-17T17:11:57","guid":{"rendered":"https:\/\/creperiesaintnicolas.com\/?page_id=13"},"modified":"2025-09-04T18:07:54","modified_gmt":"2025-09-04T16:07:54","slug":"notre-etablissement","status":"publish","type":"page","link":"https:\/\/creperiesaintnicolas.com\/?page_id=13","title":{"rendered":"L&rsquo;\u00e9tablissement"},"content":{"rendered":"\t\t<div data-elementor-type=\"wp-page\" data-elementor-id=\"13\" class=\"elementor elementor-13\">\n\t\t\t\t\t\t\t\t\t<section class=\"elementor-section elementor-top-section elementor-element elementor-element-e1caf90 elementor-section-boxed elementor-section-height-default elementor-section-height-default\" data-id=\"e1caf90\" data-element_type=\"section\">\n\t\t\t\t\t\t<div class=\"elementor-container elementor-column-gap-default\">\n\t\t\t\t\t<div class=\"elementor-column elementor-col-50 elementor-top-column elementor-element elementor-element-2073b49\" data-id=\"2073b49\" data-element_type=\"column\">\n\t\t\t<div class=\"elementor-widget-wrap elementor-element-populated\">\n\t\t\t\t\t\t\t\t<div class=\"elementor-element elementor-element-6401086 elementor-widget elementor-widget-text-editor\" data-id=\"6401086\" data-element_type=\"widget\" data-widget_type=\"text-editor.default\">\n\t\t\t\t<div class=\"elementor-widget-container\">\n\t\t\t<style>\/*! elementor - v3.12.1 - 02-04-2023 *\/\n.elementor-widget-text-editor.elementor-drop-cap-view-stacked .elementor-drop-cap{background-color:#69727d;color:#fff}.elementor-widget-text-editor.elementor-drop-cap-view-framed .elementor-drop-cap{color:#69727d;border:3px solid;background-color:transparent}.elementor-widget-text-editor:not(.elementor-drop-cap-view-default) .elementor-drop-cap{margin-top:8px}.elementor-widget-text-editor:not(.elementor-drop-cap-view-default) .elementor-drop-cap-letter{width:1em;height:1em}.elementor-widget-text-editor .elementor-drop-cap{float:left;text-align:center;line-height:1;font-size:50px}.elementor-widget-text-editor .elementor-drop-cap-letter{display:inline-block}<\/style>\t\t\t\t<p><u>Adresse :<\/u><\/p><p>\u00a0<\/p><p>\u00a0<\/p><p>1 rue du fourbihan<\/p><p>\u00a0<\/p><p>44420 La Turballe<\/p>\t\t\t\t\t\t<\/div>\n\t\t\t\t<\/div>\n\t\t\t\t\t<\/div>\n\t\t<\/div>\n\t\t\t\t<div class=\"elementor-column elementor-col-50 elementor-top-column elementor-element elementor-element-bd606a9\" data-id=\"bd606a9\" data-element_type=\"column\">\n\t\t\t<div class=\"elementor-widget-wrap elementor-element-populated\">\n\t\t\t\t\t\t\t\t<div class=\"elementor-element elementor-element-465703a elementor-widget elementor-widget-text-editor\" data-id=\"465703a\" data-element_type=\"widget\" data-widget_type=\"text-editor.default\">\n\t\t\t\t<div class=\"elementor-widget-container\">\n\t\t\t\t\t\t\t<p><u>Horaires d&rsquo;ouverture :<br \/><\/u><\/p><p>Du vendredi\u00a0 au mardi<\/p><p>de 12h \u00e0 13h30<\/p><p>et de 19h\u00a0 \u00e0 20h45<\/p><p><em>Ferm\u00e9 le mercredi<\/em><\/p><p><em>et jeudi\u00a0<\/em><\/p><div id=\"tango-element-highlighter\" style=\"width: 203px;height: 24px\">\u00a0<\/div>\t\t\t\t\t\t<\/div>\n\t\t\t\t<\/div>\n\t\t\t\t\t<\/div>\n\t\t<\/div>\n\t\t\t\t\t\t\t<\/div>\n\t\t<\/section>\n\t\t\t\t<section class=\"elementor-section elementor-top-section elementor-element elementor-element-3553ac9 elementor-section-boxed elementor-section-height-default elementor-section-height-default\" data-id=\"3553ac9\" data-element_type=\"section\">\n\t\t\t\t\t\t<div class=\"elementor-container elementor-column-gap-default\">\n\t\t\t\t\t<div class=\"elementor-column elementor-col-100 elementor-top-column elementor-element elementor-element-0052e5e\" data-id=\"0052e5e\" data-element_type=\"column\">\n\t\t\t<div class=\"elementor-widget-wrap elementor-element-populated\">\n\t\t\t\t\t\t\t\t<div class=\"elementor-element elementor-element-7bf3cc6 elementor-widget elementor-widget-text-editor\" data-id=\"7bf3cc6\" data-element_type=\"widget\" data-widget_type=\"text-editor.default\">\n\t\t\t\t<div class=\"elementor-widget-container\">\n\t\t\t\t\t\t\t<p><strong>Pour toute r\u00e9servation<\/strong>, merci d&rsquo;appeler aux horaires d&rsquo;ouverture <\/p><div class=\"notranslate\">\u00a0<\/div>\t\t\t\t\t\t<\/div>\n\t\t\t\t<\/div>\n\t\t\t\t\t<\/div>\n\t\t<\/div>\n\t\t\t\t\t\t\t<\/div>\n\t\t<\/section>\n\t\t\t\t<section class=\"elementor-section elementor-top-section elementor-element elementor-element-5b56ec5 elementor-section-boxed elementor-section-height-default elementor-section-height-default\" data-id=\"5b56ec5\" data-element_type=\"section\">\n\t\t\t\t\t\t<div class=\"elementor-container elementor-column-gap-default\">\n\t\t\t\t\t<div class=\"elementor-column elementor-col-100 elementor-top-column elementor-element elementor-element-583512e\" data-id=\"583512e\" data-element_type=\"column\">\n\t\t\t<div class=\"elementor-widget-wrap elementor-element-populated\">\n\t\t\t\t\t\t\t\t<div class=\"elementor-element elementor-element-e6173fa elementor-widget elementor-widget-google_maps\" data-id=\"e6173fa\" data-element_type=\"widget\" data-widget_type=\"google_maps.default\">\n\t\t\t\t<div class=\"elementor-widget-container\">\n\t\t\t<style>\/*! elementor - v3.12.1 - 02-04-2023 *\/\n.elementor-widget-google_maps .elementor-widget-container{overflow:hidden}.elementor-widget-google_maps .elementor-custom-embed{line-height:0}.elementor-widget-google_maps iframe{height:300px}<\/style>\t\t<div class=\"elementor-custom-embed\">\n\t\t\t<iframe loading=\"lazy\"\n\t\t\t\t\tsrc=\"https:\/\/maps.google.com\/maps?q=1%20rue%20du%20fourbihan%2044420%20la%20turballe&#038;t=m&#038;z=15&#038;output=embed&#038;iwloc=near\"\n\t\t\t\t\ttitle=\"1 rue du fourbihan 44420 la turballe\"\n\t\t\t\t\taria-label=\"1 rue du fourbihan 44420 la turballe\"\n\t\t\t><\/iframe>\n\t\t<\/div>\n\t\t\t\t<\/div>\n\t\t\t\t<\/div>\n\t\t\t\t\t<\/div>\n\t\t<\/div>\n\t\t\t\t\t\t\t<\/div>\n\t\t<\/section>\n\t\t\t\t<section class=\"elementor-section elementor-top-section elementor-element elementor-element-a8bf759 elementor-section-boxed elementor-section-height-default elementor-section-height-default\" data-id=\"a8bf759\" data-element_type=\"section\">\n\t\t\t\t\t\t<div class=\"elementor-container elementor-column-gap-default\">\n\t\t\t\t\t<div class=\"elementor-column elementor-col-100 elementor-top-column elementor-element elementor-element-f3650e2\" data-id=\"f3650e2\" data-element_type=\"column\">\n\t\t\t<div class=\"elementor-widget-wrap elementor-element-populated\">\n\t\t\t\t\t\t\t\t<div class=\"elementor-element elementor-element-7dbceb2 elementor-widget elementor-widget-spacer\" data-id=\"7dbceb2\" data-element_type=\"widget\" data-widget_type=\"spacer.default\">\n\t\t\t\t<div class=\"elementor-widget-container\">\n\t\t\t<style>\/*! elementor - v3.12.1 - 02-04-2023 *\/\n.elementor-column .elementor-spacer-inner{height:var(--spacer-size)}.e-con{--container-widget-width:100%}.e-con-inner>.elementor-widget-spacer,.e-con>.elementor-widget-spacer{width:var(--container-widget-width,var(--spacer-size));--align-self:var(--container-widget-align-self,initial);--flex-shrink:0}.e-con-inner>.elementor-widget-spacer>.elementor-widget-container,.e-con-inner>.elementor-widget-spacer>.elementor-widget-container>.elementor-spacer,.e-con>.elementor-widget-spacer>.elementor-widget-container,.e-con>.elementor-widget-spacer>.elementor-widget-container>.elementor-spacer{height:100%}.e-con-inner>.elementor-widget-spacer>.elementor-widget-container>.elementor-spacer>.elementor-spacer-inner,.e-con>.elementor-widget-spacer>.elementor-widget-container>.elementor-spacer>.elementor-spacer-inner{height:var(--container-widget-height,var(--spacer-size))}<\/style>\t\t<div class=\"elementor-spacer\">\n\t\t\t<div class=\"elementor-spacer-inner\"><\/div>\n\t\t<\/div>\n\t\t\t\t<\/div>\n\t\t\t\t<\/div>\n\t\t\t\t\t<\/div>\n\t\t<\/div>\n\t\t\t\t\t\t\t<\/div>\n\t\t<\/section>\n\t\t\t\t<section class=\"elementor-section elementor-top-section elementor-element elementor-element-dda1342 elementor-section-boxed elementor-section-height-default elementor-section-height-default\" data-id=\"dda1342\" data-element_type=\"section\">\n\t\t\t\t\t\t<div class=\"elementor-container elementor-column-gap-default\">\n\t\t\t\t\t<div class=\"elementor-column elementor-col-50 elementor-top-column elementor-element elementor-element-270fc02\" data-id=\"270fc02\" data-element_type=\"column\">\n\t\t\t<div class=\"elementor-widget-wrap elementor-element-populated\">\n\t\t\t\t\t\t\t\t<div class=\"elementor-element elementor-element-ba15db0 elementor-arrows-position-inside elementor-pagination-position-outside elementor-widget elementor-widget-image-carousel\" data-id=\"ba15db0\" data-element_type=\"widget\" data-settings=\"{&quot;slides_to_show&quot;:&quot;1&quot;,&quot;navigation&quot;:&quot;both&quot;,&quot;autoplay&quot;:&quot;yes&quot;,&quot;pause_on_hover&quot;:&quot;yes&quot;,&quot;pause_on_interaction&quot;:&quot;yes&quot;,&quot;autoplay_speed&quot;:5000,&quot;infinite&quot;:&quot;yes&quot;,&quot;effect&quot;:&quot;slide&quot;,&quot;speed&quot;:500}\" data-widget_type=\"image-carousel.default\">\n\t\t\t\t<div class=\"elementor-widget-container\">\n\t\t\t<style>\/*! elementor - v3.12.1 - 02-04-2023 *\/\n.elementor-widget-image-carousel .swiper,.elementor-widget-image-carousel .swiper-container{position:static}.elementor-widget-image-carousel .swiper-container .swiper-slide figure,.elementor-widget-image-carousel .swiper .swiper-slide figure{line-height:inherit}.elementor-widget-image-carousel .swiper-slide{text-align:center}.elementor-image-carousel-wrapper:not(.swiper-container-initialized) .swiper-slide,.elementor-image-carousel-wrapper:not(.swiper-initialized) .swiper-slide{max-width:calc(100% \/ var(--e-image-carousel-slides-to-show, 3))}<\/style>\t\t<div class=\"elementor-image-carousel-wrapper swiper-container\" dir=\"ltr\">\n\t\t\t<div class=\"elementor-image-carousel swiper-wrapper\">\n\t\t\t\t\t\t\t\t<div class=\"swiper-slide\"><figure class=\"swiper-slide-inner\"><img decoding=\"async\" class=\"swiper-slide-image\" src=\"https:\/\/creperiesaintnicolas.com\/wp-content\/uploads\/2022\/08\/Photos_Creperie9-768x432.jpg\" alt=\"Photo Creperie 9\" \/><\/figure><\/div><div class=\"swiper-slide\"><figure class=\"swiper-slide-inner\"><img decoding=\"async\" class=\"swiper-slide-image\" src=\"https:\/\/creperiesaintnicolas.com\/wp-content\/uploads\/2022\/08\/Photos_Creperie8-768x432.jpg\" alt=\"Photo Creperie 8\" \/><\/figure><\/div><div class=\"swiper-slide\"><figure class=\"swiper-slide-inner\"><img decoding=\"async\" class=\"swiper-slide-image\" src=\"https:\/\/creperiesaintnicolas.com\/wp-content\/uploads\/2022\/08\/Photos_Creperie7-768x432.jpg\" alt=\"Photo Creperie 7\" \/><\/figure><\/div>\t\t\t<\/div>\n\t\t\t\t\t\t\t\t\t\t\t\t<div class=\"swiper-pagination\"><\/div>\n\t\t\t\t\t\t\t\t\t\t\t\t\t<div class=\"elementor-swiper-button elementor-swiper-button-prev\">\n\t\t\t\t\t\t<i aria-hidden=\"true\" class=\"eicon-chevron-left\"><\/i>\t\t\t\t\t\t<span class=\"elementor-screen-only\">Pr\u00e9c\u00e9dent<\/span>\n\t\t\t\t\t<\/div>\n\t\t\t\t\t<div class=\"elementor-swiper-button elementor-swiper-button-next\">\n\t\t\t\t\t\t<i aria-hidden=\"true\" class=\"eicon-chevron-right\"><\/i>\t\t\t\t\t\t<span class=\"elementor-screen-only\">Suivant<\/span>\n\t\t\t\t\t<\/div>\n\t\t\t\t\t\t\t\t\t<\/div>\n\t\t\t\t<\/div>\n\t\t\t\t<\/div>\n\t\t\t\t\t<\/div>\n\t\t<\/div>\n\t\t\t\t<div class=\"elementor-column elementor-col-50 elementor-top-column elementor-element elementor-element-fe2bef2\" data-id=\"fe2bef2\" data-element_type=\"column\">\n\t\t\t<div class=\"elementor-widget-wrap elementor-element-populated\">\n\t\t\t\t\t\t\t\t<div class=\"elementor-element elementor-element-616fee7 elementor-widget elementor-widget-text-editor\" data-id=\"616fee7\" data-element_type=\"widget\" data-widget_type=\"text-editor.default\">\n\t\t\t\t<div class=\"elementor-widget-container\">\n\t\t\t\t\t\t\t<p>Nous vous accueillerons dans une vieille demeure datant de 1764, class\u00e9e \u00ab\u00a0B\u00e2timent de France\u00a0\u00bb.<\/p><p>Elle fut, au fil du temps, une buvette et un relais de poste avant d\u2019abriter aujourd\u2019hui vos repas de galettes et cr\u00eapes.<\/p><p>Vous pourrez d\u00e9jeuner et d\u00eener dans notre salle de 30 personnes ou sur la terrasse qui accueille jusqu&rsquo;\u00e0 20 personnes.<\/p>\t\t\t\t\t\t<\/div>\n\t\t\t\t<\/div>\n\t\t\t\t\t<\/div>\n\t\t<\/div>\n\t\t\t\t\t\t\t<\/div>\n\t\t<\/section>\n\t\t\t\t<section class=\"elementor-section elementor-top-section elementor-element elementor-element-b5a34aa elementor-section-boxed elementor-section-height-default elementor-section-height-default\" data-id=\"b5a34aa\" data-element_type=\"section\">\n\t\t\t\t\t\t<div class=\"elementor-container elementor-column-gap-default\">\n\t\t\t\t\t<div class=\"elementor-column elementor-col-100 elementor-top-column elementor-element elementor-element-ed60575\" data-id=\"ed60575\" data-element_type=\"column\">\n\t\t\t<div class=\"elementor-widget-wrap elementor-element-populated\">\n\t\t\t\t\t\t\t\t<div class=\"elementor-element elementor-element-09c41cc elementor-widget elementor-widget-spacer\" data-id=\"09c41cc\" data-element_type=\"widget\" data-widget_type=\"spacer.default\">\n\t\t\t\t<div class=\"elementor-widget-container\">\n\t\t\t\t\t<div class=\"elementor-spacer\">\n\t\t\t<div class=\"elementor-spacer-inner\"><\/div>\n\t\t<\/div>\n\t\t\t\t<\/div>\n\t\t\t\t<\/div>\n\t\t\t\t\t<\/div>\n\t\t<\/div>\n\t\t\t\t\t\t\t<\/div>\n\t\t<\/section>\n\t\t\t\t<section class=\"elementor-section elementor-top-section elementor-element elementor-element-834eecc elementor-section-boxed elementor-section-height-default elementor-section-height-default\" data-id=\"834eecc\" data-element_type=\"section\">\n\t\t\t\t\t\t<div class=\"elementor-container elementor-column-gap-default\">\n\t\t\t\t\t<div class=\"elementor-column elementor-col-100 elementor-top-column elementor-element elementor-element-3050d80\" data-id=\"3050d80\" data-element_type=\"column\">\n\t\t\t<div class=\"elementor-widget-wrap elementor-element-populated\">\n\t\t\t\t\t\t\t\t<div class=\"elementor-element elementor-element-0b1fcaa elementor-align-center elementor-widget elementor-widget-button\" data-id=\"0b1fcaa\" data-element_type=\"widget\" data-widget_type=\"button.default\">\n\t\t\t\t<div class=\"elementor-widget-container\">\n\t\t\t\t\t<div class=\"elementor-button-wrapper\">\n\t\t\t<a href=\"https:\/\/fr-fr.facebook.com\/creperiestnicolas44420\/\" target=\"_blank\" class=\"elementor-button-link elementor-button elementor-size-md\" role=\"button\">\n\t\t\t\t\t\t<span class=\"elementor-button-content-wrapper\">\n\t\t\t\t\t\t\t<span class=\"elementor-button-icon elementor-align-icon-right\">\n\t\t\t\t<i aria-hidden=\"true\" class=\"fab fa-facebook-square\"><\/i>\t\t\t<\/span>\n\t\t\t\t\t\t<span class=\"elementor-button-text\">Suivez-nous sur Facebook<\/span>\n\t\t<\/span>\n\t\t\t\t\t<\/a>\n\t\t<\/div>\n\t\t\t\t<\/div>\n\t\t\t\t<\/div>\n\t\t\t\t\t<\/div>\n\t\t<\/div>\n\t\t\t\t\t\t\t<\/div>\n\t\t<\/section>\n\t\t\t\t\t\t\t<\/div>\n\t\t","protected":false},"excerpt":{"rendered":"<p>Adresse : \u00a0 \u00a0 1 rue du fourbihan \u00a0 44420 La Turballe Horaires d&rsquo;ouverture : Du vendredi\u00a0 au mardi de 12h \u00e0 13h30 et de 19h\u00a0 \u00e0 20h45 Ferm\u00e9 le mercredi et jeudi\u00a0 \u00a0 Pour toute r\u00e9servation, merci d&rsquo;appeler aux horaires d&rsquo;ouverture \u00a0 Pr\u00e9c\u00e9dent Suivant Nous vous accueillerons dans une vieille demeure datant de 1764, [&hellip;]<\/p>\n","protected":false},"author":1,"featured_media":0,"parent":0,"menu_order":0,"comment_status":"closed","ping_status":"closed","template":"","meta":[],"yoast_head":"<!-- This site is optimized with the Yoast SEO plugin v20.5 - https:\/\/yoast.com\/wordpress\/plugins\/seo\/ -->\n<title>L&#039;\u00e9tablissement - Cr\u00eaperie Saint Nicolas<\/title>\n<meta name=\"robots\" content=\"index, follow, max-snippet:-1, max-image-preview:large, max-video-preview:-1\" \/>\n<link rel=\"canonical\" href=\"https:\/\/creperiesaintnicolas.com\/?page_id=13\" \/>\n<meta property=\"og:locale\" content=\"fr_FR\" \/>\n<meta property=\"og:type\" content=\"article\" \/>\n<meta property=\"og:title\" content=\"L&#039;\u00e9tablissement - Cr\u00eaperie Saint Nicolas\" \/>\n<meta property=\"og:description\" content=\"Adresse : \u00a0 \u00a0 1 rue du fourbihan \u00a0 44420 La Turballe Horaires d&rsquo;ouverture : Du vendredi\u00a0 au mardi de 12h \u00e0 13h30 et de 19h\u00a0 \u00e0 20h45 Ferm\u00e9 le mercredi et jeudi\u00a0 \u00a0 Pour toute r\u00e9servation, merci d&rsquo;appeler aux horaires d&rsquo;ouverture \u00a0 Pr\u00e9c\u00e9dent Suivant Nous vous accueillerons dans une vieille demeure datant de 1764, [&hellip;]\" \/>\n<meta property=\"og:url\" content=\"https:\/\/creperiesaintnicolas.com\/?page_id=13\" \/>\n<meta property=\"og:site_name\" content=\"Cr\u00eaperie Saint Nicolas\" \/>\n<meta property=\"article:modified_time\" content=\"2025-09-04T16:07:54+00:00\" \/>\n<meta property=\"og:image\" content=\"https:\/\/creperiesaintnicolas.com\/wp-content\/uploads\/2022\/08\/Photos_Creperie9-768x432.jpg\" \/>\n<meta name=\"twitter:card\" content=\"summary_large_image\" \/>\n<meta name=\"twitter:label1\" content=\"Dur\u00e9e de lecture estim\u00e9e\" \/>\n\t<meta name=\"twitter:data1\" content=\"2 minutes\" \/>\n<script type=\"application\/ld+json\" class=\"yoast-schema-graph\">{\"@context\":\"https:\/\/schema.org\",\"@graph\":[{\"@type\":\"WebPage\",\"@id\":\"https:\/\/creperiesaintnicolas.com\/?page_id=13\",\"url\":\"https:\/\/creperiesaintnicolas.com\/?page_id=13\",\"name\":\"L'\u00e9tablissement - Cr\u00eaperie Saint Nicolas\",\"isPartOf\":{\"@id\":\"https:\/\/creperiesaintnicolas.com\/#website\"},\"datePublished\":\"2022-05-17T17:11:57+00:00\",\"dateModified\":\"2025-09-04T16:07:54+00:00\",\"breadcrumb\":{\"@id\":\"https:\/\/creperiesaintnicolas.com\/?page_id=13#breadcrumb\"},\"inLanguage\":\"fr-FR\",\"potentialAction\":[{\"@type\":\"ReadAction\",\"target\":[\"https:\/\/creperiesaintnicolas.com\/?page_id=13\"]}]},{\"@type\":\"BreadcrumbList\",\"@id\":\"https:\/\/creperiesaintnicolas.com\/?page_id=13#breadcrumb\",\"itemListElement\":[{\"@type\":\"ListItem\",\"position\":1,\"name\":\"Accueil\",\"item\":\"https:\/\/creperiesaintnicolas.com\/\"},{\"@type\":\"ListItem\",\"position\":2,\"name\":\"L&rsquo;\u00e9tablissement\"}]},{\"@type\":\"WebSite\",\"@id\":\"https:\/\/creperiesaintnicolas.com\/#website\",\"url\":\"https:\/\/creperiesaintnicolas.com\/\",\"name\":\"Cr\u00eaperie Saint Nicolas\",\"description\":\"La Cr\u00eaperie St-Nicolas de La Turballe\",\"publisher\":{\"@id\":\"https:\/\/creperiesaintnicolas.com\/#organization\"},\"potentialAction\":[{\"@type\":\"SearchAction\",\"target\":{\"@type\":\"EntryPoint\",\"urlTemplate\":\"https:\/\/creperiesaintnicolas.com\/?s={search_term_string}\"},\"query-input\":\"required name=search_term_string\"}],\"inLanguage\":\"fr-FR\"},{\"@type\":\"Organization\",\"@id\":\"https:\/\/creperiesaintnicolas.com\/#organization\",\"name\":\"Cr\u00eaperie Saint Nicolas\",\"url\":\"https:\/\/creperiesaintnicolas.com\/\",\"logo\":{\"@type\":\"ImageObject\",\"inLanguage\":\"fr-FR\",\"@id\":\"https:\/\/creperiesaintnicolas.com\/#\/schema\/logo\/image\/\",\"url\":\"https:\/\/creperiesaintnicolas.com\/wp-content\/uploads\/2022\/05\/LOGO300px.png\",\"contentUrl\":\"https:\/\/creperiesaintnicolas.com\/wp-content\/uploads\/2022\/05\/LOGO300px.png\",\"width\":300,\"height\":290,\"caption\":\"Cr\u00eaperie Saint Nicolas\"},\"image\":{\"@id\":\"https:\/\/creperiesaintnicolas.com\/#\/schema\/logo\/image\/\"}}]}<\/script>\n<!-- \/ Yoast SEO plugin. -->","yoast_head_json":{"title":"L'\u00e9tablissement - Cr\u00eaperie Saint Nicolas","robots":{"index":"index","follow":"follow","max-snippet":"max-snippet:-1","max-image-preview":"max-image-preview:large","max-video-preview":"max-video-preview:-1"},"canonical":"https:\/\/creperiesaintnicolas.com\/?page_id=13","og_locale":"fr_FR","og_type":"article","og_title":"L'\u00e9tablissement - Cr\u00eaperie Saint Nicolas","og_description":"Adresse : \u00a0 \u00a0 1 rue du fourbihan \u00a0 44420 La Turballe Horaires d&rsquo;ouverture : Du vendredi\u00a0 au mardi de 12h \u00e0 13h30 et de 19h\u00a0 \u00e0 20h45 Ferm\u00e9 le mercredi et jeudi\u00a0 \u00a0 Pour toute r\u00e9servation, merci d&rsquo;appeler aux horaires d&rsquo;ouverture \u00a0 Pr\u00e9c\u00e9dent Suivant Nous vous accueillerons dans une vieille demeure datant de 1764, [&hellip;]","og_url":"https:\/\/creperiesaintnicolas.com\/?page_id=13","og_site_name":"Cr\u00eaperie Saint Nicolas","article_modified_time":"2025-09-04T16:07:54+00:00","og_image":[{"url":"https:\/\/creperiesaintnicolas.com\/wp-content\/uploads\/2022\/08\/Photos_Creperie9-768x432.jpg"}],"twitter_card":"summary_large_image","twitter_misc":{"Dur\u00e9e de lecture estim\u00e9e":"2 minutes"},"schema":{"@context":"https:\/\/schema.org","@graph":[{"@type":"WebPage","@id":"https:\/\/creperiesaintnicolas.com\/?page_id=13","url":"https:\/\/creperiesaintnicolas.com\/?page_id=13","name":"L'\u00e9tablissement - Cr\u00eaperie Saint Nicolas","isPartOf":{"@id":"https:\/\/creperiesaintnicolas.com\/#website"},"datePublished":"2022-05-17T17:11:57+00:00","dateModified":"2025-09-04T16:07:54+00:00","breadcrumb":{"@id":"https:\/\/creperiesaintnicolas.com\/?page_id=13#breadcrumb"},"inLanguage":"fr-FR","potentialAction":[{"@type":"ReadAction","target":["https:\/\/creperiesaintnicolas.com\/?page_id=13"]}]},{"@type":"BreadcrumbList","@id":"https:\/\/creperiesaintnicolas.com\/?page_id=13#breadcrumb","itemListElement":[{"@type":"ListItem","position":1,"name":"Accueil","item":"https:\/\/creperiesaintnicolas.com\/"},{"@type":"ListItem","position":2,"name":"L&rsquo;\u00e9tablissement"}]},{"@type":"WebSite","@id":"https:\/\/creperiesaintnicolas.com\/#website","url":"https:\/\/creperiesaintnicolas.com\/","name":"Cr\u00eaperie Saint Nicolas","description":"La Cr\u00eaperie St-Nicolas de La Turballe","publisher":{"@id":"https:\/\/creperiesaintnicolas.com\/#organization"},"potentialAction":[{"@type":"SearchAction","target":{"@type":"EntryPoint","urlTemplate":"https:\/\/creperiesaintnicolas.com\/?s={search_term_string}"},"query-input":"required name=search_term_string"}],"inLanguage":"fr-FR"},{"@type":"Organization","@id":"https:\/\/creperiesaintnicolas.com\/#organization","name":"Cr\u00eaperie Saint Nicolas","url":"https:\/\/creperiesaintnicolas.com\/","logo":{"@type":"ImageObject","inLanguage":"fr-FR","@id":"https:\/\/creperiesaintnicolas.com\/#\/schema\/logo\/image\/","url":"https:\/\/creperiesaintnicolas.com\/wp-content\/uploads\/2022\/05\/LOGO300px.png","contentUrl":"https:\/\/creperiesaintnicolas.com\/wp-content\/uploads\/2022\/05\/LOGO300px.png","width":300,"height":290,"caption":"Cr\u00eaperie Saint Nicolas"},"image":{"@id":"https:\/\/creperiesaintnicolas.com\/#\/schema\/logo\/image\/"}}]}},"_links":{"self":[{"href":"https:\/\/creperiesaintnicolas.com\/index.php?rest_route=\/wp\/v2\/pages\/13"}],"collection":[{"href":"https:\/\/creperiesaintnicolas.com\/index.php?rest_route=\/wp\/v2\/pages"}],"about":[{"href":"https:\/\/creperiesaintnicolas.com\/index.php?rest_route=\/wp\/v2\/types\/page"}],"author":[{"embeddable":true,"href":"https:\/\/creperiesaintnicolas.com\/index.php?rest_route=\/wp\/v2\/users\/1"}],"replies":[{"embeddable":true,"href":"https:\/\/creperiesaintnicolas.com\/index.php?rest_route=%2Fwp%2Fv2%2Fcomments&post=13"}],"version-history":[{"count":140,"href":"https:\/\/creperiesaintnicolas.com\/index.php?rest_route=\/wp\/v2\/pages\/13\/revisions"}],"predecessor-version":[{"id":513,"href":"https:\/\/creperiesaintnicolas.com\/index.php?rest_route=\/wp\/v2\/pages\/13\/revisions\/513"}],"wp:attachment":[{"href":"https:\/\/creperiesaintnicolas.com\/index.php?rest_route=%2Fwp%2Fv2%2Fmedia&parent=13"}],"curies":[{"name":"wp","href":"https:\/\/api.w.org\/{rel}","templated":true}]}}